{"id":189,"date":"2021-03-24T10:29:15","date_gmt":"2021-03-24T14:29:15","guid":{"rendered":"https:\/\/temporary.tracking-progress.org\/?page_id=189"},"modified":"2022-04-28T07:59:06","modified_gmt":"2022-04-28T11:59:06","slug":"ozhq","status":"publish","type":"page","link":"https:\/\/drenas.tracking-progress.org\/sq\/ozhq\/","title":{"rendered":"OZHQ"},"content":{"rendered":"<h5><em>&#8220;Mjedisi nuk \u00ebsht\u00eb pron\u00eb e askujt p\u00ebr t\u00eb shkat\u00ebrruar; \u00ebsht\u00eb p\u00ebrgjegj\u00ebsia e t\u00eb gjith\u00ebve p\u00ebr t\u00eb mbrojtur.&#8221; &#8211; Mohith Agadi<\/em><\/h5>\n<h4>\u00c7far\u00eb jan\u00eb Objektiv\u00ebt e Zhvillimit t\u00eb Q\u00ebndruesh\u00ebm (OZHQ-t\u00eb)?<\/h4>\n<p>Agjenda 2030 \u00ebsht\u00eb marr\u00ebveshje e dakorduar nd\u00ebrkomb\u00ebtarisht nga shtetet an\u00ebtare t\u00eb Organizat\u00ebs s\u00eb Kombeve t\u00eb Bashkuara (OKB) n\u00eb vitin 2015. Gjithsesi, edhe pse ajo obligon shtetet e OKB t\u00eb nd\u00ebrmarrin veprime drejt arritjes s\u00eb q\u00ebllimeve t\u00eb agjend\u00ebs deri n\u00eb vitin 2030, ajo nuk p\u00ebrjashton edhe vullnetin e shteteve t\u00eb tjera t\u00eb bot\u00ebs drejt nd\u00ebrmarrjes s\u00eb iniciativave q\u00eb promovojn\u00eb k\u00ebt\u00eb agjend\u00eb dhe zhvillimin e q\u00ebndruesh\u00ebm.<\/p>\n<p>Kjo agjend\u00eb \u00ebsht\u00eb plan veprimi gjith\u00ebp\u00ebrfshir\u00ebs, si p\u00ebr njer\u00ebzit, planetin, ashtu dhe prosperitetin. Ajo \u00e7far\u00eb e ve\u00e7on Agjend\u00ebn 2030 \u00ebsht\u00eb karakteri i saj bashk\u00ebpunues mes t\u00eb gjitha shteteve t\u00eb bot\u00ebs drejt adresimit t\u00eb p\u00ebrbashk\u00ebt t\u00eb sfidave m\u00eb t\u00eb m\u00ebdha q\u00eb cenojn\u00eb zhvillimin e q\u00ebndruesh\u00ebm, si dhe zotimi se askush nuk anashkalohet.<\/p>\n<p>Agjenda 2030 ng\u00ebrthen n\u00eb vete 17 Objektiv\u00eb t\u00eb Zhvillimit t\u00eb Q\u00ebndruesh\u00ebm (OZHQ), t\u00eb cilat p\u00ebrmbajn\u00eb 169 tregues e 231 indikator\u00eb. T\u00eb gjitha k\u00ebto jan\u00eb t\u00eb integruara dhe t\u00eb nd\u00ebrlidhura n\u00eb at\u00eb m\u00ebnyr\u00eb q\u00eb adresojn\u00eb \u00e7\u00ebshtjet e 3 dimenzioneve t\u00eb zhvillimit t\u00eb q\u00ebndruesh\u00ebm q\u00eb jan\u00eb dimenzioni ekonomik, social dhe mjedisor.<\/p>\n<p>N\u00eb k\u00ebt\u00eb platform\u00eb mbi Agjend\u00ebn 2030 dhe OZHQ-t\u00eb, ju mund t\u00eb gjeni informacione t\u00eb detajuara p\u00ebr 17 OZHQ-t\u00eb, treguesit dhe indikator\u00ebt e tyre, si dhe t\u00eb dh\u00ebna mbi temat q\u00eb ato prekin n\u00eb kontekstin e komun\u00ebs s\u00eb Drenasit.<\/p>\n<p><em>S\u00eb bashku p\u00ebr zhvillim t\u00eb q\u00ebndruesh\u00ebm n\u00eb Kosov\u00eb!<\/em><\/p>\n<a href=\"https:\/\/sdgs.un.org\/goals\"><img loading=\"lazy\" decoding=\"async\" class=\"size-medium wp-image-235 aligncenter\" src=\"https:\/\/temporary.tracking-progress.org\/wp-content\/uploads\/sites\/16\/2021\/03\/SDG-Wheel_1-300x300.png\" alt=\"\" width=\"300\" height=\"300\" srcset=\"https:\/\/drenas.tracking-progress.org\/wp-content\/uploads\/sites\/16\/2021\/03\/SDG-Wheel_1-300x300.png 300w, https:\/\/drenas.tracking-progress.org\/wp-content\/uploads\/sites\/16\/2021\/03\/SDG-Wheel_1-150x150.png 150w, https:\/\/drenas.tracking-progress.org\/wp-content\/uploads\/sites\/16\/2021\/03\/SDG-Wheel_1-125x125.png 125w, https:\/\/drenas.tracking-progress.org\/wp-content\/uploads\/sites\/16\/2021\/03\/SDG-Wheel_1.png 423w\" sizes=\"auto, (max-width: 300px) 100vw, 300px\" \/><\/a>\n<p>&nbsp;<\/p>\n","protected":false},"excerpt":{"rendered":"<p>&#8220;Mjedisi nuk \u00ebsht\u00eb pron\u00eb e askujt p\u00ebr t\u00eb shkat\u00ebrruar; \u00ebsht\u00eb p\u00ebrgjegj\u00ebsia e t\u00eb gjith\u00ebve p\u00ebr&#8230;  <\/p>\n<div class=\"m-all t-all d-all\"><a class=\"excerpt-read-more\" href=\"https:\/\/drenas.tracking-progress.org\/sq\/ozhq\/\" title=\"LexoniOZHQ\">Lexo m\u00eb shum\u00eb &#8220;<\/a><\/div>\n","protected":false},"author":115,"featured_media":0,"parent":0,"menu_order":0,"comment_status":"closed","ping_status":"closed","template":"","meta":{"_acf_changed":false,"footnotes":""},"class_list":["post-189","page","type-page","status-publish","hentry"],"translation":{"provider":"WPGlobus","version":"3.0.2","language":"sq","enabled_languages":["en","sq"],"languages":{"en":{"title":true,"content":true,"excerpt":false},"sq":{"title":true,"content":true,"excerpt":false}}},"acf":[],"yoast_head":"<!-- This site is optimized with the Yoast SEO plugin v27.4 - https:\/\/yoast.com\/product\/yoast-seo-wordpress\/ -->\n<title>OZHQ -<\/title>\n<meta name=\"robots\" content=\"index, follow, max-snippet:-1, max-image-preview:large, max-video-preview:-1\" \/>\n<link rel=\"canonical\" href=\"https:\/\/drenas.tracking-progress.org\/ozhq\/\" \/>\n<meta property=\"og:locale\" content=\"en_US\" \/>\n<meta property=\"og:type\" content=\"article\" \/>\n<meta property=\"og:title\" content=\"OZHQ -\" \/>\n<meta property=\"og:url\" content=\"https:\/\/drenas.tracking-progress.org\/ozhq\/\" \/>\n<meta property=\"article:modified_time\" content=\"2022-04-28T11:59:06+00:00\" \/>\n<meta property=\"og:image\" content=\"https:\/\/temporary.tracking-progress.org\/wp-content\/uploads\/sites\/16\/2021\/03\/SDG-Wheel_1-300x300.png\" \/>\n<meta name=\"twitter:card\" content=\"summary_large_image\" \/>\n<meta name=\"twitter:label1\" content=\"Est. reading time\" \/>\n\t<meta name=\"twitter:data1\" content=\"2 minutes\" \/>\n<script type=\"application\/ld+json\" class=\"yoast-schema-graph\">{\"@context\":\"https:\\\/\\\/schema.org\",\"@graph\":[{\"@type\":\"WebPage\",\"@id\":\"https:\\\/\\\/drenas.tracking-progress.org\\\/ozhq\\\/\",\"url\":\"https:\\\/\\\/drenas.tracking-progress.org\\\/ozhq\\\/\",\"name\":\"OZHQ -\",\"isPartOf\":{\"@id\":\"https:\\\/\\\/drenas.tracking-progress.org\\\/#website\"},\"primaryImageOfPage\":{\"@id\":\"https:\\\/\\\/drenas.tracking-progress.org\\\/ozhq\\\/#primaryimage\"},\"image\":{\"@id\":\"https:\\\/\\\/drenas.tracking-progress.org\\\/ozhq\\\/#primaryimage\"},\"thumbnailUrl\":\"https:\\\/\\\/temporary.tracking-progress.org\\\/wp-content\\\/uploads\\\/sites\\\/16\\\/2021\\\/03\\\/SDG-Wheel_1-300x300.png\",\"datePublished\":\"2021-03-24T14:29:15+00:00\",\"dateModified\":\"2022-04-28T11:59:06+00:00\",\"breadcrumb\":{\"@id\":\"https:\\\/\\\/drenas.tracking-progress.org\\\/ozhq\\\/#breadcrumb\"},\"inLanguage\":\"sq-SQ\",\"potentialAction\":[{\"@type\":\"ReadAction\",\"target\":[\"https:\\\/\\\/drenas.tracking-progress.org\\\/ozhq\\\/\"]}]},{\"@type\":\"ImageObject\",\"inLanguage\":\"sq-SQ\",\"@id\":\"https:\\\/\\\/drenas.tracking-progress.org\\\/ozhq\\\/#primaryimage\",\"url\":\"https:\\\/\\\/temporary.tracking-progress.org\\\/wp-content\\\/uploads\\\/sites\\\/16\\\/2021\\\/03\\\/SDG-Wheel_1-300x300.png\",\"contentUrl\":\"https:\\\/\\\/temporary.tracking-progress.org\\\/wp-content\\\/uploads\\\/sites\\\/16\\\/2021\\\/03\\\/SDG-Wheel_1-300x300.png\"},{\"@type\":\"BreadcrumbList\",\"@id\":\"https:\\\/\\\/drenas.tracking-progress.org\\\/ozhq\\\/#breadcrumb\",\"itemListElement\":[{\"@type\":\"ListItem\",\"position\":1,\"name\":\"Home\",\"item\":\"https:\\\/\\\/drenas.tracking-progress.org\\\/\"},{\"@type\":\"ListItem\",\"position\":2,\"name\":\"SDG\"}]},{\"@type\":\"WebSite\",\"@id\":\"https:\\\/\\\/drenas.tracking-progress.org\\\/#website\",\"url\":\"https:\\\/\\\/drenas.tracking-progress.org\\\/\",\"name\":\"\",\"description\":\"Platforma e OZHQ-ve Drenas\",\"potentialAction\":[{\"@type\":\"SearchAction\",\"target\":{\"@type\":\"EntryPoint\",\"urlTemplate\":\"https:\\\/\\\/drenas.tracking-progress.org\\\/?s={search_term_string}\"},\"query-input\":{\"@type\":\"PropertyValueSpecification\",\"valueRequired\":true,\"valueName\":\"search_term_string\"}}],\"inLanguage\":\"sq-SQ\"}]}<\/script>\n<!-- \/ Yoast SEO plugin. -->","yoast_head_json":{"title":"OZHQ -","robots":{"index":"index","follow":"follow","max-snippet":"max-snippet:-1","max-image-preview":"max-image-preview:large","max-video-preview":"max-video-preview:-1"},"canonical":"https:\/\/drenas.tracking-progress.org\/ozhq\/","og_locale":"en_US","og_type":"article","og_title":"OZHQ -","og_url":"https:\/\/drenas.tracking-progress.org\/ozhq\/","article_modified_time":"2022-04-28T11:59:06+00:00","og_image":[{"url":"https:\/\/temporary.tracking-progress.org\/wp-content\/uploads\/sites\/16\/2021\/03\/SDG-Wheel_1-300x300.png","type":"","width":"","height":""}],"twitter_card":"summary_large_image","twitter_misc":{"Est. reading time":"2 minutes"},"schema":{"@context":"https:\/\/schema.org","@graph":[{"@type":"WebPage","@id":"https:\/\/drenas.tracking-progress.org\/ozhq\/","url":"https:\/\/drenas.tracking-progress.org\/ozhq\/","name":"OZHQ -","isPartOf":{"@id":"https:\/\/drenas.tracking-progress.org\/#website"},"primaryImageOfPage":{"@id":"https:\/\/drenas.tracking-progress.org\/ozhq\/#primaryimage"},"image":{"@id":"https:\/\/drenas.tracking-progress.org\/ozhq\/#primaryimage"},"thumbnailUrl":"https:\/\/temporary.tracking-progress.org\/wp-content\/uploads\/sites\/16\/2021\/03\/SDG-Wheel_1-300x300.png","datePublished":"2021-03-24T14:29:15+00:00","dateModified":"2022-04-28T11:59:06+00:00","breadcrumb":{"@id":"https:\/\/drenas.tracking-progress.org\/ozhq\/#breadcrumb"},"inLanguage":"sq-SQ","potentialAction":[{"@type":"ReadAction","target":["https:\/\/drenas.tracking-progress.org\/ozhq\/"]}]},{"@type":"ImageObject","inLanguage":"sq-SQ","@id":"https:\/\/drenas.tracking-progress.org\/ozhq\/#primaryimage","url":"https:\/\/temporary.tracking-progress.org\/wp-content\/uploads\/sites\/16\/2021\/03\/SDG-Wheel_1-300x300.png","contentUrl":"https:\/\/temporary.tracking-progress.org\/wp-content\/uploads\/sites\/16\/2021\/03\/SDG-Wheel_1-300x300.png"},{"@type":"BreadcrumbList","@id":"https:\/\/drenas.tracking-progress.org\/ozhq\/#breadcrumb","itemListElement":[{"@type":"ListItem","position":1,"name":"Home","item":"https:\/\/drenas.tracking-progress.org\/"},{"@type":"ListItem","position":2,"name":"SDG"}]},{"@type":"WebSite","@id":"https:\/\/drenas.tracking-progress.org\/#website","url":"https:\/\/drenas.tracking-progress.org\/","name":"","description":"Platforma e OZHQ-ve Drenas","potentialAction":[{"@type":"SearchAction","target":{"@type":"EntryPoint","urlTemplate":"https:\/\/drenas.tracking-progress.org\/?s={search_term_string}"},"query-input":{"@type":"PropertyValueSpecification","valueRequired":true,"valueName":"search_term_string"}}],"inLanguage":"sq-SQ"}]}},"_links":{"self":[{"href":"https:\/\/drenas.tracking-progress.org\/sq\/wp-json\/wp\/v2\/pages\/189","targetHints":{"allow":["GET"]}}],"collection":[{"href":"https:\/\/drenas.tracking-progress.org\/sq\/wp-json\/wp\/v2\/pages"}],"about":[{"href":"https:\/\/drenas.tracking-progress.org\/sq\/wp-json\/wp\/v2\/types\/page"}],"author":[{"embeddable":true,"href":"https:\/\/drenas.tracking-progress.org\/sq\/wp-json\/wp\/v2\/users\/115"}],"replies":[{"embeddable":true,"href":"https:\/\/drenas.tracking-progress.org\/sq\/wp-json\/wp\/v2\/comments?post=189"}],"version-history":[{"count":10,"href":"https:\/\/drenas.tracking-progress.org\/sq\/wp-json\/wp\/v2\/pages\/189\/revisions"}],"predecessor-version":[{"id":754,"href":"https:\/\/drenas.tracking-progress.org\/sq\/wp-json\/wp\/v2\/pages\/189\/revisions\/754"}],"wp:attachment":[{"href":"https:\/\/drenas.tracking-progress.org\/sq\/wp-json\/wp\/v2\/media?parent=189"}],"curies":[{"name":"wp","href":"https:\/\/api.w.org\/{rel}","templated":true}]}}