{"id":181,"date":"2021-03-24T10:16:43","date_gmt":"2021-03-24T14:16:43","guid":{"rendered":"https:\/\/temporary.tracking-progress.org\/?page_id=181"},"modified":"2022-04-28T07:36:45","modified_gmt":"2022-04-28T11:36:45","slug":"about","status":"publish","type":"page","link":"https:\/\/drenas.tracking-progress.org\/sq\/about\/","title":{"rendered":"P\u00ebr ne"},"content":{"rendered":"<h5><em>PLATFORMA E DRENASIT P\u00cbR OBJEKTIV\u00cbT E ZHVILLIMIT T\u00cb Q\u00cbNDRUESH\u00cbM (OZHQ) DO T\u00cb JET\u00cb PIKA REFERUESE N\u00cb BOT\u00cbN VIRTUALE P\u00cbR T\u00cb VLER\u00cbSUAR PROGRESIN E ARRITUR T\u00cb KOMUN\u00cbS DREJT P\u00cbRMBUSHJES S\u00cb AGJEND\u00cbS 2030.<\/em><\/h5>\n<h4>\u00c7far\u00eb \u00ebsht\u00eb Platforma e OZHQ-ve Drenas?<\/h4>\n<p>Platforma e OZHQ-ve Drenas \u00ebsht\u00eb nj\u00eb mjet monitorues dhe mat\u00ebs kundrejt mir\u00ebqenies s\u00eb komun\u00ebs s\u00eb Drenasit. Ajo raporton mbi 17 Objektiv\u00ebt e Zhvillimit t\u00eb Q\u00ebndruesh\u00ebm (OZHQ-t\u00eb) dhe indikator\u00ebt p\u00ebrkat\u00ebs, duke filluar nga niveli i arsimit n\u00eb komun\u00eb, tek sh\u00ebndet\u00ebsia, energjia, sh\u00ebrbimet publike, etj.<\/p>\n<p>Kjo platform\u00eb pasqyron tek qytetar\u00ebt e Dreansit, dhe jo vet\u00ebm atyre, kualitetin e jetes\u00ebs n\u00eb k\u00ebt\u00eb komun\u00eb. P\u00ebrpos qytetar\u00ebve, platforma i dedikohet politikb\u00ebr\u00ebsve t\u00eb nivelit lokal, sektorit privat, komunitetit t\u00eb donator\u00ebve, hulumtuesve, akademis\u00eb, nd\u00ebr shum\u00eb pal\u00eb t\u00eb tjera.<\/p>\n<p>Q\u00ebllimi kryesor i Platform\u00ebs s\u00eb OZHQ-ve Drenas \u00ebsht\u00eb q\u00eb t\u00eb leht\u00ebsohet identifikimi dhe vler\u00ebsimi i problemeve q\u00eb lidhen drejtp\u00ebrdrejt me komun\u00ebn n\u00eb fusha t\u00eb ndryshme. P\u00ebrve\u00e7 k\u00ebsaj, platforma synon t\u00eb ngris nivelin e nd\u00ebrgjegj\u00ebsimit t\u00eb zyrtar\u00ebve publik dhe qytetar\u00ebve n\u00eb lidhje me OZHQ-t\u00eb.<\/p>\n<h4>Rreth 17 OZHQ-ve dhe indikator\u00ebve mat\u00ebs t\u00eb platform\u00ebs<\/h4>\n<p>Platforma\u00a0e OZHQ-ve Drenas \u00ebsht\u00eb e ndar\u00eb n\u00eb 17 kategori, apo fusha q\u00eb OZHQ-t\u00eb mbulojn\u00eb. Duke konsideruar t\u00eb dh\u00ebnat n\u00eb dispozicion, 17 kategorit\u00eb kan\u00eb treguesit e tyre p\u00ebrkat\u00ebs. T\u00eb gjitha t\u00eb dh\u00ebnat e pasqyruara n\u00eb platform\u00eb p\u00ebrfshijn\u00eb territorin e Drenasit si t\u00ebr\u00ebsi. Ato shfaqin trendet p\u00ebr secil\u00ebn fush\u00eb p\u00ebrgjat\u00eb viteve p\u00ebr komun\u00ebn duke b\u00ebr\u00eb nd\u00ebrlidhjen mes factor\u00ebve social, ekonomik dhe mjedisor. T\u00eb dh\u00ebnat e platform\u00ebs jan\u00eb gjat\u00eb gjith\u00eb koh\u00ebs n\u00eb p\u00ebrpunim e sip\u00ebr, nd\u00ebrsa p\u00ebr \u00e7do muaj mars, ato p\u00ebrdit\u00ebsohet dhe konfirmohen p\u00ebr periudh\u00ebn nj\u00eb vjeqare.<\/p>\n<h4>Nga kush mbledhen t\u00eb dh\u00ebnat e Platform\u00ebs s\u00eb OZHQ-ve Drenas dhe si shfaqen ato?<\/h4>\n<p>T\u00eb dh\u00ebnat p\u00ebr Platform\u00ebn e OZHQ-ve Drenas mbledhen nga vet komuna e Drenasit duke p\u00ebrfshir\u00eb individ\u00eb dhe grupe t\u00eb \u00e7do departamenti q\u00eb lidhet ngusht\u00eb me fush\u00ebn e OZHQ-ve p\u00ebrkat\u00ebse e cila ofron nj\u00eb qasje gjith\u00ebp\u00ebrfshir\u00ebse p\u00ebr platform\u00ebn.<\/p>\n<p>T\u00eb dh\u00ebnat jan\u00eb t\u00eb pasqyruara n\u00eb m\u00ebnyr\u00eb grafike, por ato edhe mund t\u00eb shkarkohen nga pal\u00ebt e interesuara n\u00eb m\u00ebnyr\u00eb tabelare.<\/p>\n<h4>Kush q\u00ebndron pas Platform\u00ebs s\u00eb OZHQ-ve Drenas?<\/h4>\n<p>Platforma e OZHQ-ve Drenas \u00ebsht\u00eb realizuar dhe drejtohet nga Komuna e Drenasit dhe organizat\u00ebs partnere, Instituti p\u00ebr Politika Zhvillimore (INDEP). Por \u00e7far\u00eb \u00ebsht\u00eb m\u00eb e r\u00ebnd\u00ebsishmja, kjo platform\u00eb \u00ebsht\u00eb e t\u00eb gjith\u00eb qytetar\u00ebve t\u00eb Drenasit.<\/p>\n<h4>Si u krijuar Platforma e OZHQ-ve Drenas?<\/h4>\n<p>Platforma e OZHQ-ve Drenas u krijua me mb\u00ebshtetjen financiare t\u00eb GIZ n\u00ebp\u00ebrmjet Qeveris\u00eb s\u00eb Republik\u00ebs Federale t\u00eb Gjermanis\u00eb, n\u00eb kuad\u00ebr t\u00eb projektit \u201cIntegrimi i Objektivave t\u00eb Zhvillimit t\u00eb Q\u00ebndruesh\u00ebm (OZhQ-ve) n\u00eb Proceset e Dialogut n\u00eb Nivelin Komunal t\u00eb Kosov\u00ebs\u201d implementuar nga INDEP.<\/p>\n","protected":false},"excerpt":{"rendered":"<p>PLATFORMA E DRENASIT P\u00cbR OBJEKTIV\u00cbT E ZHVILLIMIT T\u00cb Q\u00cbNDRUESH\u00cbM (OZHQ) DO T\u00cb JET\u00cb PIKA REFERUESE&#8230;  <\/p>\n<div class=\"m-all t-all d-all\"><a class=\"excerpt-read-more\" href=\"https:\/\/drenas.tracking-progress.org\/sq\/about\/\" title=\"LexoniP\u00ebr ne\">Lexo m\u00eb shum\u00eb &#8220;<\/a><\/div>\n","protected":false},"author":4,"featured_media":0,"parent":0,"menu_order":0,"comment_status":"closed","ping_status":"closed","template":"page-wide-no-title.php","meta":{"_acf_changed":false,"footnotes":""},"class_list":["post-181","page","type-page","status-publish","hentry"],"translation":{"provider":"WPGlobus","version":"3.0.2","language":"sq","enabled_languages":["en","sq"],"languages":{"en":{"title":true,"content":true,"excerpt":false},"sq":{"title":true,"content":true,"excerpt":false}}},"acf":[],"yoast_head":"<!-- This site is optimized with the Yoast SEO plugin v27.4 - https:\/\/yoast.com\/product\/yoast-seo-wordpress\/ -->\n<title>P\u00ebr ne -<\/title>\n<meta name=\"robots\" content=\"index, follow, max-snippet:-1, max-image-preview:large, max-video-preview:-1\" \/>\n<link rel=\"canonical\" href=\"https:\/\/drenas.tracking-progress.org\/about\/\" \/>\n<meta property=\"og:locale\" content=\"en_US\" \/>\n<meta property=\"og:type\" content=\"article\" \/>\n<meta property=\"og:title\" content=\"P\u00ebr ne -\" \/>\n<meta property=\"og:url\" content=\"https:\/\/drenas.tracking-progress.org\/about\/\" \/>\n<meta property=\"article:modified_time\" content=\"2022-04-28T11:36:45+00:00\" \/>\n<meta name=\"twitter:card\" content=\"summary_large_image\" \/>\n<meta name=\"twitter:label1\" content=\"Est. reading time\" \/>\n\t<meta name=\"twitter:data1\" content=\"2 minutes\" \/>\n<script type=\"application\/ld+json\" class=\"yoast-schema-graph\">{\"@context\":\"https:\\\/\\\/schema.org\",\"@graph\":[{\"@type\":\"WebPage\",\"@id\":\"https:\\\/\\\/drenas.tracking-progress.org\\\/about\\\/\",\"url\":\"https:\\\/\\\/drenas.tracking-progress.org\\\/about\\\/\",\"name\":\"P\u00ebr ne -\",\"isPartOf\":{\"@id\":\"https:\\\/\\\/drenas.tracking-progress.org\\\/#website\"},\"datePublished\":\"2021-03-24T14:16:43+00:00\",\"dateModified\":\"2022-04-28T11:36:45+00:00\",\"breadcrumb\":{\"@id\":\"https:\\\/\\\/drenas.tracking-progress.org\\\/about\\\/#breadcrumb\"},\"inLanguage\":\"sq-SQ\",\"potentialAction\":[{\"@type\":\"ReadAction\",\"target\":[\"https:\\\/\\\/drenas.tracking-progress.org\\\/about\\\/\"]}]},{\"@type\":\"BreadcrumbList\",\"@id\":\"https:\\\/\\\/drenas.tracking-progress.org\\\/about\\\/#breadcrumb\",\"itemListElement\":[{\"@type\":\"ListItem\",\"position\":1,\"name\":\"Home\",\"item\":\"https:\\\/\\\/drenas.tracking-progress.org\\\/\"},{\"@type\":\"ListItem\",\"position\":2,\"name\":\"About us\"}]},{\"@type\":\"WebSite\",\"@id\":\"https:\\\/\\\/drenas.tracking-progress.org\\\/#website\",\"url\":\"https:\\\/\\\/drenas.tracking-progress.org\\\/\",\"name\":\"\",\"description\":\"Platforma e OZHQ-ve Drenas\",\"potentialAction\":[{\"@type\":\"SearchAction\",\"target\":{\"@type\":\"EntryPoint\",\"urlTemplate\":\"https:\\\/\\\/drenas.tracking-progress.org\\\/?s={search_term_string}\"},\"query-input\":{\"@type\":\"PropertyValueSpecification\",\"valueRequired\":true,\"valueName\":\"search_term_string\"}}],\"inLanguage\":\"sq-SQ\"}]}<\/script>\n<!-- \/ Yoast SEO plugin. -->","yoast_head_json":{"title":"P\u00ebr ne -","robots":{"index":"index","follow":"follow","max-snippet":"max-snippet:-1","max-image-preview":"max-image-preview:large","max-video-preview":"max-video-preview:-1"},"canonical":"https:\/\/drenas.tracking-progress.org\/about\/","og_locale":"en_US","og_type":"article","og_title":"P\u00ebr ne -","og_url":"https:\/\/drenas.tracking-progress.org\/about\/","article_modified_time":"2022-04-28T11:36:45+00:00","twitter_card":"summary_large_image","twitter_misc":{"Est. reading time":"2 minutes"},"schema":{"@context":"https:\/\/schema.org","@graph":[{"@type":"WebPage","@id":"https:\/\/drenas.tracking-progress.org\/about\/","url":"https:\/\/drenas.tracking-progress.org\/about\/","name":"P\u00ebr ne -","isPartOf":{"@id":"https:\/\/drenas.tracking-progress.org\/#website"},"datePublished":"2021-03-24T14:16:43+00:00","dateModified":"2022-04-28T11:36:45+00:00","breadcrumb":{"@id":"https:\/\/drenas.tracking-progress.org\/about\/#breadcrumb"},"inLanguage":"sq-SQ","potentialAction":[{"@type":"ReadAction","target":["https:\/\/drenas.tracking-progress.org\/about\/"]}]},{"@type":"BreadcrumbList","@id":"https:\/\/drenas.tracking-progress.org\/about\/#breadcrumb","itemListElement":[{"@type":"ListItem","position":1,"name":"Home","item":"https:\/\/drenas.tracking-progress.org\/"},{"@type":"ListItem","position":2,"name":"About us"}]},{"@type":"WebSite","@id":"https:\/\/drenas.tracking-progress.org\/#website","url":"https:\/\/drenas.tracking-progress.org\/","name":"","description":"Platforma e OZHQ-ve Drenas","potentialAction":[{"@type":"SearchAction","target":{"@type":"EntryPoint","urlTemplate":"https:\/\/drenas.tracking-progress.org\/?s={search_term_string}"},"query-input":{"@type":"PropertyValueSpecification","valueRequired":true,"valueName":"search_term_string"}}],"inLanguage":"sq-SQ"}]}},"_links":{"self":[{"href":"https:\/\/drenas.tracking-progress.org\/sq\/wp-json\/wp\/v2\/pages\/181","targetHints":{"allow":["GET"]}}],"collection":[{"href":"https:\/\/drenas.tracking-progress.org\/sq\/wp-json\/wp\/v2\/pages"}],"about":[{"href":"https:\/\/drenas.tracking-progress.org\/sq\/wp-json\/wp\/v2\/types\/page"}],"author":[{"embeddable":true,"href":"https:\/\/drenas.tracking-progress.org\/sq\/wp-json\/wp\/v2\/users\/4"}],"replies":[{"embeddable":true,"href":"https:\/\/drenas.tracking-progress.org\/sq\/wp-json\/wp\/v2\/comments?post=181"}],"version-history":[{"count":8,"href":"https:\/\/drenas.tracking-progress.org\/sq\/wp-json\/wp\/v2\/pages\/181\/revisions"}],"predecessor-version":[{"id":748,"href":"https:\/\/drenas.tracking-progress.org\/sq\/wp-json\/wp\/v2\/pages\/181\/revisions\/748"}],"wp:attachment":[{"href":"https:\/\/drenas.tracking-progress.org\/sq\/wp-json\/wp\/v2\/media?parent=181"}],"curies":[{"name":"wp","href":"https:\/\/api.w.org\/{rel}","templated":true}]}}